{"id":5,"date":"2020-06-11T21:49:02","date_gmt":"2020-06-11T21:49:02","guid":{"rendered":"https:\/\/www.fixst.com.ar\/home\/home\/"},"modified":"2022-09-30T09:48:14","modified_gmt":"2022-09-30T12:48:14","slug":"home","status":"publish","type":"page","link":"https:\/\/www.fixst.com.ar\/home\/","title":{"rendered":"Home"},"content":{"rendered":"<div class=\"boldgrid-section wow pulse\" data-wow-duration=\"1s\" data-wow-delay=\"1s\">\n<div class=\"container-fluid\">\n<div class=\"wc-gallery\"><div class='wcflexslider-container wc-gallery-bottomspace-default wc-gallery-clear'><div id='gallery-1' class='gallery wc-gallery-captions-show wcsliderauto wcflexslider' data-reflections='false' data-gutter-width='5' data-columns='3' data-hide-controls='false'><ul class='slides'>\n\t\t\t\t<li class='gallery-item gallery-item-position-1 gallery-item-attachment-387 wcflex-slide-item'>\n\t\t\t\t\t<div class='gallery-icon landscape'>\n\t\t\t\t\t\t<a href=\"\" target=\"_blank\"><img src='https:\/\/www.fixst.com.ar\/home\/wp-content\/uploads\/2020\/07\/3.png' width='1750' height='450' alt='' \/><\/a>\n\t\t\t\t\t<\/div><\/li><\/ul><\/div>\n<\/div>\n<\/div>\n<\/div>\n<\/div>\n<div class=\"boldgrid-section\">\n<div class=\"container\">\n<div class=\"row\" style=\"padding-top: 5px; padding-bottom: 5px;\">\n<div class=\"col-md-12 col-xs-12 col-sm-12 col-lg-12\"><\/div>\n<\/div>\n<\/div>\n<\/div>\n<div class=\"color1-background-color color-1-text-contrast bg-background-color tmpl-about-13 boldgrid-section dynamic-gridblock\">\n<div class=\"container\">\n<div class=\"row\" style=\"padding-top: 50px; padding-bottom: 50px;\">\n<div class=\"col-md-8 col-sm-8 col-xs-12 col-lg-8\">\n<h2 class=\"\">Sobre Nosotros<\/h2>\n<p class=\"\">Desde 2009 brindamos un servicio de excelencia en reparaci\u00f3n, mantenimiento y venta de equipos inform\u00e1ticos y accesorios. Como servicio t\u00e9cnico tenemos nuestra cobertura en toda el area del Gran Resistencia, provincia del Chaco. Y mediante nuestra tienda on line ofrecemos productos y accesorios de computaci\u00f3n a toda la Rep\u00fablica Argentina.&nbsp;<\/p>\n<div class=\"row\" style=\"padding-top: 25px;\">\n<div class=\"col-md-4 col-sm-4 col-xs-4 col-lg-4\">\n<div>\n<p class=\"\"><img loading=\"lazy\" decoding=\"async\" class=\"bg-img bg-img-rounded alignnone wp-image-224 size-medium\" src=\"https:\/\/www.fixst.com.ar\/home\/wp-content\/uploads\/2020\/06\/2-2-300x300.png\" alt=\"\" width=\"300\" height=\"300\" srcset=\"https:\/\/www.fixst.com.ar\/home\/wp-content\/uploads\/2020\/06\/2-2-300x300.png 300w, https:\/\/www.fixst.com.ar\/home\/wp-content\/uploads\/2020\/06\/2-2-150x150.png 150w, https:\/\/www.fixst.com.ar\/home\/wp-content\/uploads\/2020\/06\/2-2-48x48.png 48w, https:\/\/www.fixst.com.ar\/home\/wp-content\/uploads\/2020\/06\/2-2-250x250.png 250w, https:\/\/www.fixst.com.ar\/home\/wp-content\/uploads\/2020\/06\/2-2-180x180.png 180w, https:\/\/www.fixst.com.ar\/home\/wp-content\/uploads\/2020\/06\/2-2-100x100.png 100w, https:\/\/www.fixst.com.ar\/home\/wp-content\/uploads\/2020\/06\/2-2.png 500w\" sizes=\"auto, (max-width: 300px) 100vw, 300px\" \/><\/p>\n<\/div>\n<\/div>\n<div class=\"col-md-4 col-sm-4 col-xs-4 col-lg-4\">\n<div>\n<p class=\"\"><img loading=\"lazy\" decoding=\"async\" class=\"bg-img bg-img-rounded alignnone wp-image-225 size-medium\" src=\"https:\/\/www.fixst.com.ar\/home\/wp-content\/uploads\/2020\/06\/3-2-300x300.png\" alt=\"\" width=\"300\" height=\"300\" srcset=\"https:\/\/www.fixst.com.ar\/home\/wp-content\/uploads\/2020\/06\/3-2-300x300.png 300w, https:\/\/www.fixst.com.ar\/home\/wp-content\/uploads\/2020\/06\/3-2-150x150.png 150w, https:\/\/www.fixst.com.ar\/home\/wp-content\/uploads\/2020\/06\/3-2-48x48.png 48w, https:\/\/www.fixst.com.ar\/home\/wp-content\/uploads\/2020\/06\/3-2-250x250.png 250w, https:\/\/www.fixst.com.ar\/home\/wp-content\/uploads\/2020\/06\/3-2-180x180.png 180w, https:\/\/www.fixst.com.ar\/home\/wp-content\/uploads\/2020\/06\/3-2-100x100.png 100w, https:\/\/www.fixst.com.ar\/home\/wp-content\/uploads\/2020\/06\/3-2.png 500w\" sizes=\"auto, (max-width: 300px) 100vw, 300px\" \/><\/p>\n<\/div>\n<\/div>\n<div class=\"col-md-4 col-sm-4 col-xs-4 col-lg-4\">\n<div>\n<p class=\"\"><img loading=\"lazy\" decoding=\"async\" class=\"bg-img bg-img-rounded alignnone wp-image-226 size-medium\" src=\"https:\/\/www.fixst.com.ar\/home\/wp-content\/uploads\/2020\/06\/1-1-300x300.png\" alt=\"\" width=\"300\" height=\"300\" srcset=\"https:\/\/www.fixst.com.ar\/home\/wp-content\/uploads\/2020\/06\/1-1-300x300.png 300w, https:\/\/www.fixst.com.ar\/home\/wp-content\/uploads\/2020\/06\/1-1-150x150.png 150w, https:\/\/www.fixst.com.ar\/home\/wp-content\/uploads\/2020\/06\/1-1-48x48.png 48w, https:\/\/www.fixst.com.ar\/home\/wp-content\/uploads\/2020\/06\/1-1-250x250.png 250w, https:\/\/www.fixst.com.ar\/home\/wp-content\/uploads\/2020\/06\/1-1-180x180.png 180w, https:\/\/www.fixst.com.ar\/home\/wp-content\/uploads\/2020\/06\/1-1-100x100.png 100w, https:\/\/www.fixst.com.ar\/home\/wp-content\/uploads\/2020\/06\/1-1.png 500w\" sizes=\"auto, (max-width: 300px) 100vw, 300px\" \/><\/p>\n<\/div>\n<\/div>\n<\/div>\n<\/div>\n<div class=\"col-md-4 col-sm-4 col-xs-12 col-lg-4\">\n<p class=\"\"><img loading=\"lazy\" decoding=\"async\" class=\"bg-img alignnone wp-image-82 size-medium\" src=\"https:\/\/www.fixst.com.ar\/home\/wp-content\/uploads\/2020\/06\/158_0_299.26793557833_400_DSC_0224-1024x683.jpg\" alt=\"\" width=\"299\" height=\"400\"><\/p>\n<\/div>\n<\/div>\n<\/div>\n<\/div>\n<div class=\"tmpl-services-4 boldgrid-section dynamic-gridblock\">\n<div class=\"container\">\n<div class=\"row color4-background-color color-4-text-contrast bg-background-color\" style=\"padding-top: 100px; padding-bottom: 100px;\">\n<div class=\"col-md-4 col-sm-6 col-xs-12 col-lg-4\">\n<div class=\"bg-box-1 bg-box-flush bg-box\" style=\"margin-top: 10px;\">\n<p class=\"mod-reset\"><a href=\"https:\/\/www.fixst.com.ar\/home\/servicio-tecnico\/\"><img loading=\"lazy\" decoding=\"async\" class=\"bg-img alignnone wp-image-224 size-medium\" src=\"https:\/\/www.fixst.com.ar\/home\/wp-content\/uploads\/2020\/06\/2-2-300x300.png\" alt=\"\" width=\"300\" height=\"300\" srcset=\"https:\/\/www.fixst.com.ar\/home\/wp-content\/uploads\/2020\/06\/2-2-300x300.png 300w, https:\/\/www.fixst.com.ar\/home\/wp-content\/uploads\/2020\/06\/2-2-150x150.png 150w, https:\/\/www.fixst.com.ar\/home\/wp-content\/uploads\/2020\/06\/2-2-48x48.png 48w, https:\/\/www.fixst.com.ar\/home\/wp-content\/uploads\/2020\/06\/2-2-250x250.png 250w, https:\/\/www.fixst.com.ar\/home\/wp-content\/uploads\/2020\/06\/2-2-180x180.png 180w, https:\/\/www.fixst.com.ar\/home\/wp-content\/uploads\/2020\/06\/2-2-100x100.png 100w, https:\/\/www.fixst.com.ar\/home\/wp-content\/uploads\/2020\/06\/2-2.png 500w\" sizes=\"auto, (max-width: 300px) 100vw, 300px\" \/><\/a><\/p>\n<div class=\"row\">\n<div class=\"col-md-12 col-sm-12 col-xs-12 col-lg-12\">\n<div style=\"padding: 40px 10%;\" class=\"color4-background-color color-4-text-contrast bg-background-color bg-box\">\n<ul class=\"bg-list-share bg-list\">\n<li>Computadoras<\/li>\n<li>Notebook<\/li>\n<li>Notepad<\/li>\n<li>Celulares<\/li>\n<li>Tablets<\/li>\n<\/ul>\n<\/div>\n<\/div>\n<\/div>\n<\/div>\n<\/div>\n<div class=\"col-md-4 col-sm-6 col-xs-12 col-lg-4\">\n<div class=\"bg-box-1 bg-box-flush bg-box\" style=\"margin-top: 10px;\">\n<p class=\"mod-reset\"><a href=\"https:\/\/www.fixst.com.ar\/home\/soluciones-empresa\/\" target=\"_blank\" rel=\"noopener noreferrer\"><img loading=\"lazy\" decoding=\"async\" class=\"bg-img alignnone wp-image-225 size-medium\" src=\"https:\/\/www.fixst.com.ar\/home\/wp-content\/uploads\/2020\/06\/3-2-300x300.png\" alt=\"\" width=\"300\" height=\"300\" srcset=\"https:\/\/www.fixst.com.ar\/home\/wp-content\/uploads\/2020\/06\/3-2-300x300.png 300w, https:\/\/www.fixst.com.ar\/home\/wp-content\/uploads\/2020\/06\/3-2-150x150.png 150w, https:\/\/www.fixst.com.ar\/home\/wp-content\/uploads\/2020\/06\/3-2-48x48.png 48w, https:\/\/www.fixst.com.ar\/home\/wp-content\/uploads\/2020\/06\/3-2-250x250.png 250w, https:\/\/www.fixst.com.ar\/home\/wp-content\/uploads\/2020\/06\/3-2-180x180.png 180w, https:\/\/www.fixst.com.ar\/home\/wp-content\/uploads\/2020\/06\/3-2-100x100.png 100w, https:\/\/www.fixst.com.ar\/home\/wp-content\/uploads\/2020\/06\/3-2.png 500w\" sizes=\"auto, (max-width: 300px) 100vw, 300px\" \/><\/a><\/p>\n<div class=\"row\">\n<div class=\"col-md-12 col-sm-12 col-xs-12 col-lg-12\">\n<div style=\"padding: 40px 10%;\" class=\"color4-background-color color-4-text-contrast bg-background-color bg-box\">\n<ul class=\"bg-list-share bg-list\">\n<li>Help Desck<\/li>\n<li>Mantenimiento<\/li>\n<li>Soporte<\/li>\n<li>Redes<\/li>\n<li>Servidores<\/li>\n<\/ul>\n<\/div>\n<\/div>\n<\/div>\n<\/div>\n<\/div>\n<div class=\"col-md-4 col-sm-6 col-xs-12 col-lg-4\">\n<div class=\"bg-box-1 bg-box-flush bg-box\" style=\"margin-top: 10px;\">\n<p class=\"mod-reset\"><a href=\"https:\/\/www.fixst.com.ar\/home\/tienda\/\" target=\"_blank\" rel=\"noopener noreferrer\"><img loading=\"lazy\" decoding=\"async\" class=\"bg-img alignnone wp-image-226 size-medium\" src=\"https:\/\/www.fixst.com.ar\/home\/wp-content\/uploads\/2020\/06\/1-1-300x300.png\" alt=\"\" width=\"300\" height=\"300\" srcset=\"https:\/\/www.fixst.com.ar\/home\/wp-content\/uploads\/2020\/06\/1-1-300x300.png 300w, https:\/\/www.fixst.com.ar\/home\/wp-content\/uploads\/2020\/06\/1-1-150x150.png 150w, https:\/\/www.fixst.com.ar\/home\/wp-content\/uploads\/2020\/06\/1-1-48x48.png 48w, https:\/\/www.fixst.com.ar\/home\/wp-content\/uploads\/2020\/06\/1-1-250x250.png 250w, https:\/\/www.fixst.com.ar\/home\/wp-content\/uploads\/2020\/06\/1-1-180x180.png 180w, https:\/\/www.fixst.com.ar\/home\/wp-content\/uploads\/2020\/06\/1-1-100x100.png 100w, https:\/\/www.fixst.com.ar\/home\/wp-content\/uploads\/2020\/06\/1-1.png 500w\" sizes=\"auto, (max-width: 300px) 100vw, 300px\" \/><\/a><\/p>\n<div class=\"row\">\n<div class=\"col-md-12 col-sm-12 col-xs-12 col-lg-12\">\n<div style=\"padding: 40px 10%;\" class=\"color4-background-color color-4-text-contrast bg-background-color bg-box\">\n<ul class=\"bg-list-share bg-list\">\n<li>Auriculares<\/li>\n<li>Audio y Video<\/li>\n<li>Mouse y Teclados<\/li>\n<li>Cables<\/li>\n<li>Cargadores<\/li>\n<\/ul>\n<\/div>\n<\/div>\n<\/div>\n<\/div>\n<\/div>\n<\/div>\n<\/div>\n<\/div>\n<div class=\"tmpl-contact-3 boldgrid-section dynamic-gridblock color1-background-color color-1-text-contrast bg-background-color\">\n<div class=\"container\">\n<div class=\"row\" style=\"padding-top: 50px; padding-bottom: 50px;\">\n<div class=\"col-md-7 col-xs-12 col-sm-6 col-lg-7\" style=\"padding: 1em;\">\n<div class=\"\">\n<p>&nbsp;<\/p>\n<h2 class=\"\">Encontranos&nbsp; en&nbsp;<\/h2>\n<p class=\"\">&nbsp;<\/p>\n<h3 class=\"\" style=\"text-align: center;\">San Lorenzo 1412 &#8211; Resistencia Chaco<\/h3>\n<h4 class=\"\" style=\"text-align: center;\"><a style=\"color: inherit;\" href=\"fixmensajes@gmail.com\">fixmensajes@gmail.com<\/a><\/h4>\n<p class=\"\">&nbsp;<\/p>\n<h4 class=\"\" style=\"text-align: center;\">+54 9 362 436-4881<\/h4>\n<p class=\"\">&nbsp;<\/p>\n<p class=\"mod-reset color-1-text-contrast color1-background-color\" style=\"text-align: center;\">&nbsp;<\/p>\n<p class=\"\" style=\"text-align: center;\">&nbsp;<\/p>\n<h4 class=\"\">&nbsp;<\/h4>\n<p class=\"wow tada\" style=\"text-align: center;\" data-wow-duration=\"1.5s\" data-wow-delay=\"1s\"><a class=\"btn btn-raised btn-pill btn-color-2\" href=\"https:\/\/www.fixst.com.ar\/home\/home\/contacto\/\">Formulario de Contacto<\/a><\/p>\n<p>&nbsp;<\/p>\n<\/div>\n<\/div>\n<div class=\"col-md-5 col-xs-12 col-sm-6 col-lg-5\" style=\"padding: 1em;\">\n<p class=\"boldgrid-google-maps\"><iframe loading=\"lazy\" style=\"max-width: 100%;\" src=\"https:\/\/maps.google.com\/maps?q=san+lorenzo+1412+resistencia+chaco&amp;t=m&amp;z=16&amp;output=embed\" width=\"600\" height=\"450\" frameborder=\"0\" data-mce-fragment=\"1\"><\/iframe><\/p>\n<\/div>\n<\/div>\n<\/div>\n<\/div>\n<div class=\"tmpl-gallery-8 boldgrid-section dynamic-gridblock\" style=\"background-image: linear-gradient(to left, #ffffff, #ffffff);\" data-bg-color-1=\"#FFFFFF\" data-bg-color-2=\"#FFFFFF\" data-bg-direction=\"to left\">\n<div class=\"container\">\n<div class=\"row bg-editor-hr-wrap\" style=\"padding-top: 21px;\">\n<div class=\"col-md-12 col-xs-12 col-sm-12 col-lg-12\">\n<div class=\"boldgrid-wrap-row boldgrid-slider\" data-config=\"{&quot;arrows&quot;:false,&quot;autoplay&quot;:false,&quot;autoplaySpeed&quot;:10,&quot;adaptiveHeight&quot;:true,&quot;dots&quot;:true,&quot;swipe&quot;:true,&quot;infinite&quot;:true,&quot;colors&quot;:{&quot;dotsColor&quot;:{&quot;type&quot;:&quot;color&quot;,&quot;value&quot;:&quot;#000000&quot;},&quot;arrowsBG&quot;:{&quot;type&quot;:&quot;color&quot;,&quot;value&quot;:&quot;#1a1a1a&quot;,&quot;text&quot;:&quot;#FFFFFF&quot;}},&quot;bgOptions&quot;:{&quot;arrowsPos&quot;:&quot;standard&quot;,&quot;arrowsSize&quot;:&quot;30&quot;,&quot;arrowsDesign&quot;:&quot;square&quot;,&quot;arrowsOverlay&quot;:true,&quot;arrowsIcon&quot;:&quot;angle-double&quot;,&quot;arrowsBgColor&quot;:&quot;#1a1a1a&quot;,&quot;dotsPos&quot;:&quot;bottom&quot;,&quot;dotsSize&quot;:&quot;50&quot;,&quot;dotsOverlay&quot;:false,&quot;dotsColor&quot;:&quot;#000000&quot;}}\">\n<div class=\"row\" style=\"width: 100%; display: inline-block;\">\n<div class=\"col-md-12 col-sm-12 col-xs-12 col-lg-12\">\n<div class=\"text-center\">\n<p>&nbsp;<\/p>\n<div class=\"wc-gallery\"><div class='wcflexslider-container wc-gallery-bottomspace-default wc-gallery-clear'><div id='gallery-2' class='gallery wc-gallery-captions-onhover gallery-link-none wcsliderauto wcflexslider' data-reflections='false' data-gutter-width='5' data-columns='2' data-hide-controls='false'><ul class='slides'>\n\t\t\t\t<li class='gallery-item gallery-item-position-1 gallery-item-attachment-215 wcflex-slide-item'>\n\t\t\t\t\t<div class='gallery-icon landscape'>\n\t\t\t\t\t\t<img src='https:\/\/www.fixst.com.ar\/home\/wp-content\/uploads\/2020\/06\/Opinion-2.png' width='493' height='249' alt='' \/>\n\t\t\t\t\t<\/div><\/li>\n\t\t\t\t<li class='gallery-item gallery-item-position-2 gallery-item-attachment-211 wcflex-slide-item'>\n\t\t\t\t\t<div class='gallery-icon landscape'>\n\t\t\t\t\t\t<img src='https:\/\/www.fixst.com.ar\/home\/wp-content\/uploads\/2020\/06\/Opinion-1.png' width='487' height='185' alt='' \/>\n\t\t\t\t\t<\/div><\/li><\/ul><\/div>\n<\/div>\n<\/div>\n<\/div>\n<\/div>\n<\/div>\n<div class=\"row\" style=\"width: 100%; display: inline-block;\">\n<div class=\"col-md-12 col-sm-12 col-xs-12 col-lg-12\">\n<div class=\"text-center\">\n<p><img loading=\"lazy\" decoding=\"async\" class=\"alignnone wp-image-211 size-full\" src=\"https:\/\/www.fixst.com.ar\/home\/wp-content\/uploads\/2020\/06\/Opinion-1.png\" alt=\"\" width=\"487\" height=\"185\" srcset=\"https:\/\/www.fixst.com.ar\/home\/wp-content\/uploads\/2020\/06\/Opinion-1.png 487w, https:\/\/www.fixst.com.ar\/home\/wp-content\/uploads\/2020\/06\/Opinion-1-300x114.png 300w, https:\/\/www.fixst.com.ar\/home\/wp-content\/uploads\/2020\/06\/Opinion-1-250x95.png 250w, https:\/\/www.fixst.com.ar\/home\/wp-content\/uploads\/2020\/06\/Opinion-1-474x180.png 474w\" sizes=\"auto, (max-width: 487px) 100vw, 487px\" \/><\/p>\n<h4 style=\"margin-top: 25px;\">Damian Aguirre<\/h4>\n<\/div>\n<\/div>\n<\/div>\n<div class=\"row\" style=\"width: 100%; display: inline-block;\">\n<div class=\"col-md-12 col-sm-12 col-xs-12 col-lg-12\">\n<div class=\"text-center\">\n<p><img loading=\"lazy\" decoding=\"async\" class=\"alignnone wp-image-215 size-full\" src=\"https:\/\/www.fixst.com.ar\/home\/wp-content\/uploads\/2020\/06\/Opinion-2.png\" alt=\"\" width=\"493\" height=\"249\" srcset=\"https:\/\/www.fixst.com.ar\/home\/wp-content\/uploads\/2020\/06\/Opinion-2.png 493w, https:\/\/www.fixst.com.ar\/home\/wp-content\/uploads\/2020\/06\/Opinion-2-300x152.png 300w, https:\/\/www.fixst.com.ar\/home\/wp-content\/uploads\/2020\/06\/Opinion-2-250x126.png 250w, https:\/\/www.fixst.com.ar\/home\/wp-content\/uploads\/2020\/06\/Opinion-2-356x180.png 356w\" sizes=\"auto, (max-width: 493px) 100vw, 493px\" \/><\/p>\n<h4 style=\"margin-top: 25px;\">Herm\u00e1n C. Ojeda<\/h4>\n<\/div>\n<\/div>\n<\/div>\n<\/div>\n<\/div>\n<\/div>\n<\/div>\n<\/div>\n<div class=\"tmpl-contact-2 boldgrid-section dynamic-gridblock color1-background-color color-1-text-contrast bg-background-color\">\n<div class=\"container-fluid\">\n<div class=\"row\" style=\"padding-top: 10px;\">\n<div class=\"col-md-3 col-xs-12 col-sm-2 col-lg-3\">\n<p>&nbsp;<\/p>\n<\/div>\n<div class=\"col-md-6 col-xs-12 col-sm-8 text-center col-lg-6\">\n<h2 class=\"\" style=\"text-transform: uppercase;\">horario de atenci\u00f3n&nbsp;<\/h2>\n<\/div>\n<div class=\"col-md-3 col-xs-12 col-sm-2 col-lg-3\"><\/div>\n<\/div>\n<div class=\"row\" style=\"padding-top: 8px; padding-bottom: 38px;\">\n<div class=\"col-md-4 col-sm-3 col-xs-12 col-lg-4\"><\/div>\n<div class=\"col-md-4 col-sm-3 col-xs-6 text-center col-lg-4\">\n<p class=\"\" style=\"font-weight: bold;\">Lunes a Viernes<\/p>\n<p class=\"\">09:00 a 12:00 y 16:00 a 20:00<\/p>\n<\/div>\n<div class=\"col-md-4 col-sm-3 col-xs-12 col-lg-4\"><\/div>\n<\/div>\n<\/div>\n<\/div>\n<div class=\"tmpl-contact-2 boldgrid-section dynamic-gridblock color1-background-color color-1-text-contrast bg-background-color\">\n<div class=\"container-fluid\">\n<div class=\"row\" style=\"padding-top: 10px;\">\n<div class=\"col-md-3 col-xs-12 col-sm-2 col-lg-3\">\n<p>&nbsp;<\/p>\n<\/div>\n<div class=\"col-md-6 col-xs-12 col-sm-8 text-center col-lg-6\">\n<p class=\"\"><i class=\"fa bg-inserted-icon fa-whatsapp\" style=\"font-size: 36px;\" aria-hidden=\"true\"> <span style=\"display: none;\">&nbsp;<\/span> <\/i><\/p>\n<p class=\"mod-reset\">&nbsp;<\/p>\n<p class=\"\">&nbsp;<\/p>\n<p class=\"mod-reset\"><a href=\"https:\/\/api.whatsapp.com\/send?phone=+5493624364881\">Env\u00edanos un mensaje de WhatsApp<\/a><\/p>\n<h2 class=\"\" style=\"text-transform: uppercase;\">&nbsp;<\/h2>\n<\/div>\n<div class=\"col-md-3 col-xs-12 col-sm-2 col-lg-3\"><\/div>\n<\/div>\n<\/div>\n<\/div>\n<div class=\"boldgrid-section\">\n<div class=\"container\">\n<div class=\"row\" style=\"padding-top: 30px; padding-bottom: 10px;\">\n<div class=\"col-md-12 col-xs-12 col-sm-12 col-lg-12\">\n<h1 class=\"\" style=\"text-align: center;\"><span style=\"color: #ff6600;\"><strong>TIENDA ON LINE<\/strong><\/span><\/h1>\n<\/div>\n<\/div>\n<\/div>\n<\/div>\n<div class=\"boldgrid-section\">\n<div class=\"container\">\n<div class=\"row\" style=\"padding-top: 5px; padding-bottom: 6px;\">\n<div class=\"col-md-4 col-sm-12 col-xs-12 col-lg-4\">\n<h2 class=\"\">RETIRO GRATIS<\/h2>\n<p class=\"\" style=\"text-align: center;\"><i class=\"fa bg-inserted-icon fa-shopping-bag\" style=\"font-size: 75px; color: #f66510;\" aria-hidden=\"true\"> <span style=\"display: none;\">&nbsp;<\/span> <\/i><\/p>\n<p class=\"\">Compra en nuestra tienda on line y ret\u00edralo gratis en nuestra sucursal de San Lorenzo 1412 Resistencia Chaco<\/p>\n<\/div>\n<div class=\"col-md-4 col-sm-6 col-xs-12 col-lg-4\">\n<h2 class=\"\">COMPRA SEGURA<\/h2>\n<p class=\"\" style=\"text-align: center;\"><i class=\"fa bg-inserted-icon fa-credit-card\" style=\"font-size: 75px; color: #f66510;\" aria-hidden=\"true\"> <span style=\"display: none;\">&nbsp;<\/span> <\/i><\/p>\n<p class=\"\">Paga de la forma mas segura a trav\u00e9s de Meradopago, transferencia bancaria o pago en efectivo contra entrega de la mercader\u00eda.<\/p>\n<\/div>\n<div class=\"col-md-4 col-sm-6 col-xs-12 col-lg-4\">\n<h2 class=\"\">SERVICIO POS VENTA<\/h2>\n<p class=\"\" style=\"text-align: center;\"><i class=\"fa bg-inserted-icon fa-wrench\" style=\"font-size: 75px; color: #f66510;\" aria-hidden=\"true\"> <span style=\"display: none;\">&nbsp;<\/span> <\/i><\/p>\n<p class=\"\">Todos nuestros productos tiene garant\u00eda del fabricante. Adem\u00e1s ofrecemos un completo servicio de pos venta disponible en todo momento.<\/p>\n<\/div>\n<\/div>\n<\/div>\n<\/div>\n","protected":false},"excerpt":{"rendered":"<p>Sobre Nosotros Desde 2009 brindamos un servicio de excelencia en reparaci\u00f3n, mantenimiento y venta de equipos inform\u00e1ticos y accesorios. Como servicio t\u00e9cnico tenemos nuestra cobertura en toda el area del Gran Resistencia, provincia del Chaco. Y mediante nuestra tienda on line ofrecemos productos y accesorios de computaci\u00f3n a toda la Rep\u00fablica Argentina.&nbsp; Computadoras Notebook Notepad [&hellip;]<\/p>\n","protected":false},"author":1,"featured_media":157,"parent":0,"menu_order":0,"comment_status":"closed","ping_status":"closed","template":"page_home.php","meta":{"bgseo_title":"","bgseo_description":"","bgseo_robots_index":"index","bgseo_robots_follow":"follow","footnotes":""},"class_list":["post-5","page","type-page","status-publish","has-post-thumbnail"],"jetpack_sharing_enabled":true,"_links":{"self":[{"href":"https:\/\/www.fixst.com.ar\/home\/wp-json\/wp\/v2\/pages\/5","targetHints":{"allow":["GET"]}}],"collection":[{"href":"https:\/\/www.fixst.com.ar\/home\/wp-json\/wp\/v2\/pages"}],"about":[{"href":"https:\/\/www.fixst.com.ar\/home\/wp-json\/wp\/v2\/types\/page"}],"author":[{"embeddable":true,"href":"https:\/\/www.fixst.com.ar\/home\/wp-json\/wp\/v2\/users\/1"}],"replies":[{"embeddable":true,"href":"https:\/\/www.fixst.com.ar\/home\/wp-json\/wp\/v2\/comments?post=5"}],"version-history":[{"count":10,"href":"https:\/\/www.fixst.com.ar\/home\/wp-json\/wp\/v2\/pages\/5\/revisions"}],"predecessor-version":[{"id":549,"href":"https:\/\/www.fixst.com.ar\/home\/wp-json\/wp\/v2\/pages\/5\/revisions\/549"}],"wp:featuredmedia":[{"embeddable":true,"href":"https:\/\/www.fixst.com.ar\/home\/wp-json\/wp\/v2\/media\/157"}],"wp:attachment":[{"href":"https:\/\/www.fixst.com.ar\/home\/wp-json\/wp\/v2\/media?parent=5"}],"curies":[{"name":"wp","href":"https:\/\/api.w.org\/{rel}","templated":true}]}}